{"id":187,"date":"2016-09-20T00:00:49","date_gmt":"2016-09-20T05:00:49","guid":{"rendered":"http:\/\/demos.volovar.net\/townpress.wp\/demo\/?page_id=187"},"modified":"2025-09-05T16:56:05","modified_gmt":"2025-09-05T21:56:05","slug":"directorio","status":"publish","type":"page","link":"https:\/\/monteescobedo.gob.mx\/?page_id=187","title":{"rendered":"Directorio"},"content":{"rendered":"<p style=\"text-align: left;\">Ing. Manuel Acosta Galv\u00e1n<br \/>\n<strong>Presidente Municipal<\/strong><\/p>\n<p>C. Mar\u00eda del Carmen S\u00e1nchez Carlos<br \/>\n<strong>S\u00edndica Municipal<\/strong><\/p>\n<p>Octavio Sigala Guti\u00e9rrez<br \/>\nAdriana Lisbet Sol\u00eds Soto<br \/>\nJos\u00e9 Ram\u00f3n S\u00e1nchez Ibarra<br \/>\nTeresa Guadalupe Carlos Quiroz<br \/>\nIgnacio S\u00e1nchez de la Torre<br \/>\nVer\u00f3nica de la Torre M\u00e1rquez<br \/>\n<strong>Regidores<\/strong><\/p>\n<p>Ing. Ernesto Mu\u00f1oz Bocardo<br \/>\n<strong>Secretario de Gobierno Municipal<\/strong><\/p>\n<p>Arq. Carolina \u00c1lvarez S\u00e1nchez<br \/>\n<strong>Desarrollo Econ\u00f3mico y Social<\/strong><\/p>\n<p>Lic. Ad\u00e1n Camacho M\u00e1rquez<br \/>\n<strong>Ecolog\u00eda, Medio Ambiente y Turismo<\/strong><\/p>\n<p>C. Luis Guillermo M\u00e1rquez<br \/>\n<strong>Protecci\u00f3n Civil<\/strong><\/p>\n<p>Lic. Mayra Isabel de Casas Berumen<br \/>\n<strong>Instituto Municipal para la Mujer Monteescobedense<\/strong><\/p>\n<p>Lic. Lilia Yamel Gamboa S\u00e1nchez<br \/>\n<strong>Unidad de Transparencia<\/strong><\/p>\n<p>M.V.Z. Daniela Carlos S\u00e1nchez<br \/>\n<strong>Desarrollo Rural Integral Sustentable<\/strong><\/p>\n<p>Lic. Mar\u00eda del Refugio Rojas Nava<br \/>\n<strong>Tesorera Municipal<\/strong><\/p>\n<p>Lic. Raul Torres Mercado<br \/>\n<strong>Comunicaci\u00f3n Social<\/strong><\/p>\n<p>Ing. \u00c9ric S\u00e1nchez<br \/>\n<strong>Obras y Servicios P\u00fablicos Municipales<\/strong><\/p>\n<p>Lic. Danna Tita Mart\u00ednez N\u00fa\u00f1ez<br \/>\n<strong>Juez Comunitaria<\/strong><\/p>\n<p>Comisario Rom\u00e1n L\u00f3pez Bonilla<br \/>\n<strong>Seguridad P\u00fablica Municipal<\/strong><\/p>\n<p>Prof. Isidro Camacho Ulloa<br \/>\n<strong>Cronista Municipal<\/strong><\/p>\n<p>Lic. Juan Daniel Reyes Ulloa<br \/>\n<strong>Juventud y Deportes<\/strong><\/p>\n<p>Lic. Martha Lizbeth Ulloa Sandoval<br \/>\n<strong>Cultura y Educaci\u00f3n<\/strong><\/p>\n<p>Ing. Luis Enrique Gamboa Ba\u00f1uelos<br \/>\n<strong>Inspecci\u00f3n de alcoholes<\/strong><\/p>\n<p>C. Lluvisela Janet Mart\u00ednez S\u00e1nchez<br \/>\n<strong>Sistema Municipal DIF<\/strong><\/p>\n<p>Lic. H\u00e9ctor Javier Mora Garc\u00eda<br \/>\n<strong>\u00d3rgano Interno de Control<\/strong><\/p>\n","protected":false},"excerpt":{"rendered":"<p>Ing. Manuel Acosta Galv\u00e1n Presidente Municipal C. Mar\u00eda del Carmen S\u00e1nchez Carlos S\u00edndica Municipal Octavio Sigala Guti\u00e9rrez Adriana Lisbet Sol\u00eds Soto Jos\u00e9 Ram\u00f3n S\u00e1nchez Ibarra Teresa Guadalupe Carlos Quiroz Ignacio S\u00e1nchez de la Torre Ver\u00f3nica de la Torre M\u00e1rquez Regidores Ing. Ernesto Mu\u00f1oz Bocardo Secretario de Gobierno Municipal Arq. Carolina \u00c1lvarez S\u00e1nchez Desarrollo Econ\u00f3mico y [&hellip;]<\/p>\n","protected":false},"author":1,"featured_media":0,"parent":0,"menu_order":0,"comment_status":"closed","ping_status":"closed","template":"","meta":[],"_links":{"self":[{"href":"https:\/\/monteescobedo.gob.mx\/index.php?rest_route=\/wp\/v2\/pages\/187"}],"collection":[{"href":"https:\/\/monteescobedo.gob.mx\/index.php?rest_route=\/wp\/v2\/pages"}],"about":[{"href":"https:\/\/monteescobedo.gob.mx\/index.php?rest_route=\/wp\/v2\/types\/page"}],"author":[{"embeddable":true,"href":"https:\/\/monteescobedo.gob.mx\/index.php?rest_route=\/wp\/v2\/users\/1"}],"replies":[{"embeddable":true,"href":"https:\/\/monteescobedo.gob.mx\/index.php?rest_route=%2Fwp%2Fv2%2Fcomments&post=187"}],"version-history":[{"count":30,"href":"https:\/\/monteescobedo.gob.mx\/index.php?rest_route=\/wp\/v2\/pages\/187\/revisions"}],"predecessor-version":[{"id":15374,"href":"https:\/\/monteescobedo.gob.mx\/index.php?rest_route=\/wp\/v2\/pages\/187\/revisions\/15374"}],"wp:attachment":[{"href":"https:\/\/monteescobedo.gob.mx\/index.php?rest_route=%2Fwp%2Fv2%2Fmedia&parent=187"}],"curies":[{"name":"wp","href":"https:\/\/api.w.org\/{rel}","templated":true}]}}